{"id":1974,"date":"2026-01-29T08:07:00","date_gmt":"2026-01-29T08:07:00","guid":{"rendered":"https:\/\/myroamup.com\/privacy-policy\/"},"modified":"2026-04-09T08:32:07","modified_gmt":"2026-04-09T08:32:07","slug":"privacy-policy","status":"publish","type":"page","link":"https:\/\/myroamup.com\/en\/privacy-policy\/","title":{"rendered":"Privacy Policy"},"content":{"rendered":"\t\t<div data-elementor-type=\"wp-page\" data-elementor-id=\"1974\" class=\"elementor elementor-1974 elementor-3\" data-elementor-post-type=\"page\">\n\t\t\t\t<div class=\"elementor-element elementor-element-2cc29a0 e-flex e-con-boxed e-con e-parent\" data-id=\"2cc29a0\" data-element_type=\"container\" data-e-type=\"container\">\n\t\t\t\t\t<div class=\"e-con-inner\">\n\t\t\t\t<div class=\"elementor-element elementor-element-5721385 elementor-widget elementor-widget-heading\" data-id=\"5721385\" data-element_type=\"widget\" data-e-type=\"widget\" data-widget_type=\"heading.default\">\n\t\t\t\t\t<h1 class=\"elementor-heading-title elementor-size-default\">Privacy Policy<\/h1>\t\t\t\t<\/div>\n\t\t\t\t<div class=\"elementor-element elementor-element-bfb1c38 elementor-widget elementor-widget-text-editor\" data-id=\"bfb1c38\" data-element_type=\"widget\" data-e-type=\"widget\" data-widget_type=\"text-editor.default\">\n\t\t\t\t\t\t\t\t\tThe purpose of this policy is to inform data subjects about the different data processing activities carried out by this association through the website that may affect their personal data, in accordance with the provisions of Organic Law 3\/2018 of December 5 on the Protection of Personal Data and the Guarantee of Digital Rights, and Regulation (EU) 2016\/679 of the European Parliament and of the Council of April 27, 2016.\t\t\t\t\t\t\t\t<\/div>\n\t\t\t\t<div class=\"elementor-element elementor-element-10a9a1f elementor-widget elementor-widget-heading\" data-id=\"10a9a1f\" data-element_type=\"widget\" data-e-type=\"widget\" data-widget_type=\"heading.default\">\n\t\t\t\t\t<h2 class=\"elementor-heading-title elementor-size-default\">1. Identification and Contact Details of the Data Controller<\/h2>\t\t\t\t<\/div>\n\t\t\t\t<div class=\"elementor-element elementor-element-6b6b0f8 elementor-widget elementor-widget-text-editor\" data-id=\"6b6b0f8\" data-element_type=\"widget\" data-e-type=\"widget\" data-widget_type=\"text-editor.default\">\n\t\t\t\t\t\t\t\t\t<p>The company Roamup Mobility S.L., with Tax ID (CIF) B26955195, registered address at Calle Espronceda 39, ground floor left, Madrid (28003), and email address hello@myroamup.com<\/p>\t\t\t\t\t\t\t\t<\/div>\n\t\t\t\t<div class=\"elementor-element elementor-element-3e32868 elementor-widget elementor-widget-heading\" data-id=\"3e32868\" data-element_type=\"widget\" data-e-type=\"widget\" data-widget_type=\"heading.default\">\n\t\t\t\t\t<h2 class=\"elementor-heading-title elementor-size-default\">2. Purposes of the Processing of Your Personal Data<\/h2>\t\t\t\t<\/div>\n\t\t\t\t<div class=\"elementor-element elementor-element-9c522bd elementor-widget elementor-widget-heading\" data-id=\"9c522bd\" data-element_type=\"widget\" data-e-type=\"widget\" data-widget_type=\"heading.default\">\n\t\t\t\t\t<h3 class=\"elementor-heading-title elementor-size-default\">Users\/Browsers of the Controller\u2019s Website<\/h3>\t\t\t\t<\/div>\n\t\t\t\t<div class=\"elementor-element elementor-element-5edc741 elementor-widget elementor-widget-text-editor\" data-id=\"5edc741\" data-element_type=\"widget\" data-e-type=\"widget\" data-widget_type=\"text-editor.default\">\n\t\t\t\t\t\t\t\t\t<p>We will process the personal data you provide through our web forms in order to:<\/p>\n<ul>\n<li>Handle requests, complaints, and issues submitted through the contact channels available on the website.<\/li>\n<li>Understand user behavior on the website in order to detect possible cyberattacks against our website<\/li>\n<li>Comply with the legal obligations that are directly applicable to us and regulate our activity.<\/li>\n<li>To protect and exercise our rights or respond to claims of any kind.<\/li>\n<\/ul>\t\t\t\t\t\t\t\t<\/div>\n\t\t\t\t<div class=\"elementor-element elementor-element-c3bc34d elementor-widget elementor-widget-heading\" data-id=\"c3bc34d\" data-element_type=\"widget\" data-e-type=\"widget\" data-widget_type=\"heading.default\">\n\t\t\t\t\t<h3 class=\"elementor-heading-title elementor-size-default\">Customers<\/h3>\t\t\t\t<\/div>\n\t\t\t\t<div class=\"elementor-element elementor-element-937da29 elementor-widget elementor-widget-text-editor\" data-id=\"937da29\" data-element_type=\"widget\" data-e-type=\"widget\" data-widget_type=\"text-editor.default\">\n\t\t\t\t\t\t\t\t\t<p>We will process the personal data you provide through our web forms in order to:<\/p>\n<ul>\n<li>Management of the commercial relationship.<\/li>\n<li>The provision of the services you have contracted with us.<\/li>\n<li>Management of matters related to the shipping and delivery of products purchased through this website.<\/li>\n<li>Administrative, accounting, and tax management.<\/li>\n<li>Handle requests, complaints, and issues submitted through the contact channels available on the website.<\/li>\n<li>Understand user behavior on the website in order to detect possible cyberattacks against our website<\/li>\n<\/ul>\t\t\t\t\t\t\t\t<\/div>\n\t\t\t\t<div class=\"elementor-element elementor-element-9b37e11 elementor-widget elementor-widget-heading\" data-id=\"9b37e11\" data-element_type=\"widget\" data-e-type=\"widget\" data-widget_type=\"heading.default\">\n\t\t\t\t\t<h2 class=\"elementor-heading-title elementor-size-default\">3. Legal Basis for Processing<\/h2>\t\t\t\t<\/div>\n\t\t\t\t<div class=\"elementor-element elementor-element-f926075 elementor-widget elementor-widget-heading\" data-id=\"f926075\" data-element_type=\"widget\" data-e-type=\"widget\" data-widget_type=\"heading.default\">\n\t\t\t\t\t<h3 class=\"elementor-heading-title elementor-size-default\">Users\/Browsers of the Controller\u2019s Website<\/h3>\t\t\t\t<\/div>\n\t\t\t\t<div class=\"elementor-element elementor-element-1b1aa29 elementor-widget elementor-widget-text-editor\" data-id=\"1b1aa29\" data-element_type=\"widget\" data-e-type=\"widget\" data-widget_type=\"text-editor.default\">\n\t\t\t\t\t\t\t\t\t<ul>\n<li>Based on the consent you have given us to process your data for the purposes indicated. Refusal to provide your personal data will make it impossible to process your data for the aforementioned purposes. <\/li>\n<li>In order to comply with the legal obligations applicable to us. In this case, the data subject may not refuse the processing of their personal data. <\/li>\n<li>Based on our legitimate interest in protecting our image, business, and track record by preventing attacks on our website. In this case, the data subject may not refuse the processing of their personal data, although they may exercise, where applicable, the rights recognized in section eight of this policy. <\/li>\n<\/ul>\t\t\t\t\t\t\t\t<\/div>\n\t\t\t\t<div class=\"elementor-element elementor-element-51baa6d elementor-widget elementor-widget-heading\" data-id=\"51baa6d\" data-element_type=\"widget\" data-e-type=\"widget\" data-widget_type=\"heading.default\">\n\t\t\t\t\t<h3 class=\"elementor-heading-title elementor-size-default\">Customers<\/h3>\t\t\t\t<\/div>\n\t\t\t\t<div class=\"elementor-element elementor-element-c404c52 elementor-widget elementor-widget-text-editor\" data-id=\"c404c52\" data-element_type=\"widget\" data-e-type=\"widget\" data-widget_type=\"text-editor.default\">\n\t\t\t\t\t\t\t\t\t<ul>\n<li>Performance of a contract to which you are a party or the implementation of pre-contractual measures. Refusal to provide your personal data will make it impossible to process your data for the aforementioned purposes.Ejecuci\u00f3n de un contrato en el que sea parte o aplicaci\u00f3n de medidas precontractuales. La negativa a facilitar sus datos personales conllevara la imposibilidad de tratar sus datos con las finalidades mencionadas. <\/li>\n<li>Based on the consent you have given us to process your data for purposes unrelated to the development or execution of the existing contract. Refusal to provide your personal data will make it impossible to process your data for the aforementioned purposes. <\/li>\n<li>In order to comply with the legal obligations applicable to us. In this case, the data subject may not refuse the processing of their personal data. <\/li>\n<li>Based on our legitimate interest in protecting our image, business, and track record by preventing attacks on our website. In this case, the data subject may not refuse the processing of their personal data, although they may exercise, where applicable, the rights recognized in section eight of this policy. <\/li>\n<\/ul>\t\t\t\t\t\t\t\t<\/div>\n\t\t\t\t<div class=\"elementor-element elementor-element-0cc6e36 elementor-widget elementor-widget-heading\" data-id=\"0cc6e36\" data-element_type=\"widget\" data-e-type=\"widget\" data-widget_type=\"heading.default\">\n\t\t\t\t\t<h2 class=\"elementor-heading-title elementor-size-default\">4. Data Retention Periods or Criteria<\/h2>\t\t\t\t<\/div>\n\t\t\t\t<div class=\"elementor-element elementor-element-851226e elementor-widget elementor-widget-text-editor\" data-id=\"851226e\" data-element_type=\"widget\" data-e-type=\"widget\" data-widget_type=\"text-editor.default\">\n\t\t\t\t\t\t\t\t\tThe personal data provided will be retained for the time necessary to fulfill the purposes for which they were initially collected.<br><br>Once the data are no longer necessary for the relevant processing, they will be properly blocked and, where appropriate, made available to the competent Public Administrations and Authorities, Judges and Courts, or the Public Prosecutor\u2019s Office, in accordance with the statutory limitation periods that may arise from the relationship maintained with the client and\/or the legally established retention periods.<br><br><ul>\n<li><b>THE CIVIL CODE.<\/b> Between 5 and 15 years depending on the case, in accordance with the provisions of Article 1964.2 of the aforementioned legal text. <\/li>\n<li><b>THE COMMERCIAL CODE<\/b>. For a period of 6 years, in accordance with the provisions of Article 30 of the aforementioned legal text. This applies to commercial information related to (issued and received invoices, receipts, corrective invoices, bank documents, etc.).  <\/li>\n<li><b>THE GENERAL TAX LAW.<\/b> For a period of 4 years, in accordance with the provisions of Articles 66 to 70 of the aforementioned legal text. This applies to information related to tax obligations.  <\/li>\n<\/ul>\t\t\t\t\t\t\t\t<\/div>\n\t\t\t\t<div class=\"elementor-element elementor-element-3e22af4 elementor-widget elementor-widget-heading\" data-id=\"3e22af4\" data-element_type=\"widget\" data-e-type=\"widget\" data-widget_type=\"heading.default\">\n\t\t\t\t\t<h2 class=\"elementor-heading-title elementor-size-default\">5. Automated Decision-Making and Profiling<\/h2>\t\t\t\t<\/div>\n\t\t\t\t<div class=\"elementor-element elementor-element-c087922 elementor-widget elementor-widget-text-editor\" data-id=\"c087922\" data-element_type=\"widget\" data-e-type=\"widget\" data-widget_type=\"text-editor.default\">\n\t\t\t\t\t\t\t\t\tThe website does not carry out automated decision-making or profiling.\t\t\t\t\t\t\t\t<\/div>\n\t\t\t\t<div class=\"elementor-element elementor-element-0099018 elementor-widget elementor-widget-heading\" data-id=\"0099018\" data-element_type=\"widget\" data-e-type=\"widget\" data-widget_type=\"heading.default\">\n\t\t\t\t\t<h2 class=\"elementor-heading-title elementor-size-default\">6. Recipients<\/h2>\t\t\t\t<\/div>\n\t\t\t\t<div class=\"elementor-element elementor-element-39ec67a elementor-widget elementor-widget-text-editor\" data-id=\"39ec67a\" data-element_type=\"widget\" data-e-type=\"widget\" data-widget_type=\"text-editor.default\">\n\t\t\t\t\t\t\t\t\t<p>During the period in which your personal data are processed, the organization may disclose your data to the following recipients:<\/p>\n<ul>\n<li>Judges and Courts.<\/li>\n<li>State Security Forces and Law Enforcement Authorities.<\/li>\n<li>Other competent public authorities or bodies when the controller has a legal obligation to provide personal data.<\/li>\n<li>Banks and Financial Institutions, if you contract our services.<\/li>\n<\/ul>\t\t\t\t\t\t\t\t<\/div>\n\t\t\t\t<div class=\"elementor-element elementor-element-0d0baf2 elementor-widget elementor-widget-heading\" data-id=\"0d0baf2\" data-element_type=\"widget\" data-e-type=\"widget\" data-widget_type=\"heading.default\">\n\t\t\t\t\t<h2 class=\"elementor-heading-title elementor-size-default\">7. International Data Transfers<\/h2>\t\t\t\t<\/div>\n\t\t\t\t<div class=\"elementor-element elementor-element-a752e43 elementor-widget elementor-widget-text-editor\" data-id=\"a752e43\" data-element_type=\"widget\" data-e-type=\"widget\" data-widget_type=\"text-editor.default\">\n\t\t\t\t\t\t\t\t\tThe organization does not carry out any International Data Transfers.\t\t\t\t\t\t\t\t<\/div>\n\t\t\t\t<div class=\"elementor-element elementor-element-df9c4d5 elementor-widget elementor-widget-heading\" data-id=\"df9c4d5\" data-element_type=\"widget\" data-e-type=\"widget\" data-widget_type=\"heading.default\">\n\t\t\t\t\t<h2 class=\"elementor-heading-title elementor-size-default\">8. Rights<\/h2>\t\t\t\t<\/div>\n\t\t\t\t<div class=\"elementor-element elementor-element-31279cd elementor-widget elementor-widget-text-editor\" data-id=\"31279cd\" data-element_type=\"widget\" data-e-type=\"widget\" data-widget_type=\"text-editor.default\">\n\t\t\t\t\t\t\t\t\t<p>Data subjects may exercise at any time and completely free of charge their rights of a<strong>ccess, rectification, and erasure, as well as request the restriction of the processing of their personal data<\/strong>, object to such processing, request the portability of their data (where technically possible), or withdraw the consent previously given. Where applicable, they also have the right <strong>not to be subject to a decision based solely on automated processing, including profiling.<\/strong><\/p><p>To do so, you may use the forms provided by the organization or send a written request to the postal address or email address indicated above. However, you may be asked to provide your ID card or another equivalent document in order to verify your identity, provided that this cannot be done through less intrusive means. <\/p><p>If you believe that your rights regarding the protection of your personal data have been violated, especially if you have not obtained satisfaction in the exercise of your rights, you may file a complaint with the competent Data Protection Supervisory Authority <strong>(Spanish Data Protection Agency) <\/strong>through its website: <a href=\"http:\/\/www.agpd.es\/\">www.agpd.es.<\/a><\/p><p>In compliance with the provisions of Article 21 of Law 34\/2002 on Information Society Services and Electronic Commerce, if you do not wish to receive further information about our services, you may unsubscribe by sending an email to hello@myroamup.com with the subject line \u201c<strong>UNSUBSCRIBE.<\/strong>\u201d<\/p>\t\t\t\t\t\t\t\t<\/div>\n\t\t\t\t<div class=\"elementor-element elementor-element-1358a76 elementor-widget elementor-widget-heading\" data-id=\"1358a76\" data-element_type=\"widget\" data-e-type=\"widget\" data-widget_type=\"heading.default\">\n\t\t\t\t\t<h2 class=\"elementor-heading-title elementor-size-default\">9. Accuracy of the Data<\/h2>\t\t\t\t<\/div>\n\t\t\t\t<div class=\"elementor-element elementor-element-1d75572 elementor-widget elementor-widget-text-editor\" data-id=\"1d75572\" data-element_type=\"widget\" data-e-type=\"widget\" data-widget_type=\"text-editor.default\">\n\t\t\t\t\t\t\t\t\tThe data subject guarantees that the data provided are true, accurate, complete, and up to date, and undertakes to inform of any changes to the data provided through the channels established for this purpose and indicated in section one of this policy. The data subject shall be responsible for any damage or harm, whether direct or indirect, that may arise as a result of failure to comply with this obligation.El interesado garantiza que los datos aportados son verdaderos, exactos, completos y se encuentran actualizados; comprometi\u00e9ndose a informar de cualquier cambio respecto de los datos que aportara, por los canales habilitados al efecto e indicados en el punto uno de la presente pol\u00edtica. Ser\u00e1 responsable de cualquier da\u00f1o o perjuicio, tanto directo como indirecto, que pudiera ocasionar como consecuencia del incumplimiento de la presente obligaci\u00f3n. <br><br>In the event that the user provides data relating to third parties, the user declares that they have obtained the consent of the data subjects and undertakes to provide them with the information contained in this clause, releasing the organization from any liability arising from failure to comply with this obligation.<br><br>Last review: March 11, 2026\t\t\t\t\t\t\t\t<\/div>\n\t\t\t\t\t<\/div>\n\t\t\t\t<\/div>\n\t\t\t\t<\/div>\n\t\t","protected":false},"excerpt":{"rendered":"<p>Privacy Policy The purpose of this policy is to inform data subjects about the different data processing activities carried out by this association through the website that may affect their personal data, in accordance with the provisions of Organic Law 3\/2018 of December 5 on the Protection of Personal Data and the Guarantee of Digital [&hellip;]<\/p>\n","protected":false},"author":1,"featured_media":0,"parent":0,"menu_order":0,"comment_status":"closed","ping_status":"closed","template":"","meta":{"_acf_changed":false,"footnotes":""},"class_list":["post-1974","page","type-page","status-publish","hentry"],"acf":[],"yoast_head":"<!-- This site is optimized with the Yoast SEO plugin v27.3 - https:\/\/yoast.com\/product\/yoast-seo-wordpress\/ -->\n<title>Privacy Policy - MyRoamUp | Siempre conectado con tu eSIM<\/title>\n<meta name=\"description\" content=\"Siempre Conectado gracias a nuestra eSIM internacional. Viaja sin problemas y sin l\u00edmites. Busca tu destino y tu eSIM.\" \/>\n<meta name=\"robots\" content=\"index, follow, max-snippet:-1, max-image-preview:large, max-video-preview:-1\" \/>\n<link rel=\"canonical\" href=\"https:\/\/myroamup.com\/en\/privacy-policy\/\" \/>\n<meta property=\"og:locale\" content=\"en_US\" \/>\n<meta property=\"og:type\" content=\"article\" \/>\n<meta property=\"og:title\" content=\"Privacy Policy - MyRoamUp | Siempre conectado con tu eSIM\" \/>\n<meta property=\"og:description\" content=\"Siempre Conectado gracias a nuestra eSIM internacional. Viaja sin problemas y sin l\u00edmites. Busca tu destino y tu eSIM.\" \/>\n<meta property=\"og:url\" content=\"https:\/\/myroamup.com\/en\/privacy-policy\/\" \/>\n<meta property=\"og:site_name\" content=\"MyRoamUp | Siempre conectado con tu eSIM\" \/>\n<meta property=\"article:modified_time\" content=\"2026-04-09T08:32:07+00:00\" \/>\n<meta property=\"og:image\" content=\"https:\/\/myroamup.com\/wp-content\/uploads\/2026\/02\/fondo-ayuda.webp\" \/>\n\t<meta property=\"og:image:width\" content=\"2500\" \/>\n\t<meta property=\"og:image:height\" content=\"1200\" \/>\n\t<meta property=\"og:image:type\" content=\"image\/webp\" \/>\n<meta name=\"twitter:card\" content=\"summary_large_image\" \/>\n<meta name=\"twitter:label1\" content=\"Est. reading time\" \/>\n\t<meta name=\"twitter:data1\" content=\"6 minutes\" \/>\n<script type=\"application\/ld+json\" class=\"yoast-schema-graph\">{\"@context\":\"https:\\\/\\\/schema.org\",\"@graph\":[{\"@type\":\"WebPage\",\"@id\":\"https:\\\/\\\/myroamup.com\\\/en\\\/privacy-policy\\\/\",\"url\":\"https:\\\/\\\/myroamup.com\\\/en\\\/privacy-policy\\\/\",\"name\":\"Privacy Policy - MyRoamUp | Siempre conectado con tu eSIM\",\"isPartOf\":{\"@id\":\"https:\\\/\\\/myroamup.com\\\/en\\\/#website\"},\"datePublished\":\"2026-01-29T08:07:00+00:00\",\"dateModified\":\"2026-04-09T08:32:07+00:00\",\"description\":\"Siempre Conectado gracias a nuestra eSIM internacional. Viaja sin problemas y sin l\u00edmites. Busca tu destino y tu eSIM.\",\"breadcrumb\":{\"@id\":\"https:\\\/\\\/myroamup.com\\\/en\\\/privacy-policy\\\/#breadcrumb\"},\"inLanguage\":\"en-US\",\"potentialAction\":[{\"@type\":\"ReadAction\",\"target\":[\"https:\\\/\\\/myroamup.com\\\/en\\\/privacy-policy\\\/\"]}]},{\"@type\":\"BreadcrumbList\",\"@id\":\"https:\\\/\\\/myroamup.com\\\/en\\\/privacy-policy\\\/#breadcrumb\",\"itemListElement\":[{\"@type\":\"ListItem\",\"position\":1,\"name\":\"Portada\",\"item\":\"https:\\\/\\\/myroamup.com\\\/en\\\/home\\\/\"},{\"@type\":\"ListItem\",\"position\":2,\"name\":\"Privacy Policy\"}]},{\"@type\":\"WebSite\",\"@id\":\"https:\\\/\\\/myroamup.com\\\/en\\\/#website\",\"url\":\"https:\\\/\\\/myroamup.com\\\/en\\\/\",\"name\":\"myroamup - el compa\u00f1ero de viaje perfecto\",\"description\":\"\",\"publisher\":{\"@id\":\"https:\\\/\\\/myroamup.com\\\/en\\\/#organization\"},\"alternateName\":\"eSIM internacional | Siempre Conectado\",\"potentialAction\":[{\"@type\":\"SearchAction\",\"target\":{\"@type\":\"EntryPoint\",\"urlTemplate\":\"https:\\\/\\\/myroamup.com\\\/en\\\/?s={search_term_string}\"},\"query-input\":{\"@type\":\"PropertyValueSpecification\",\"valueRequired\":true,\"valueName\":\"search_term_string\"}}],\"inLanguage\":\"en-US\"},{\"@type\":\"Organization\",\"@id\":\"https:\\\/\\\/myroamup.com\\\/en\\\/#organization\",\"name\":\"myroamup\",\"url\":\"https:\\\/\\\/myroamup.com\\\/en\\\/\",\"logo\":{\"@type\":\"ImageObject\",\"inLanguage\":\"en-US\",\"@id\":\"https:\\\/\\\/myroamup.com\\\/en\\\/#\\\/schema\\\/logo\\\/image\\\/\",\"url\":\"https:\\\/\\\/myroamup.com\\\/wp-content\\\/uploads\\\/2026\\\/01\\\/simbolo2.svg\",\"contentUrl\":\"https:\\\/\\\/myroamup.com\\\/wp-content\\\/uploads\\\/2026\\\/01\\\/simbolo2.svg\",\"width\":1041,\"height\":810,\"caption\":\"myroamup\"},\"image\":{\"@id\":\"https:\\\/\\\/myroamup.com\\\/en\\\/#\\\/schema\\\/logo\\\/image\\\/\"}}]}<\/script>\n<!-- \/ Yoast SEO plugin. -->","yoast_head_json":{"title":"Privacy Policy - MyRoamUp | Siempre conectado con tu eSIM","description":"Siempre Conectado gracias a nuestra eSIM internacional. Viaja sin problemas y sin l\u00edmites. Busca tu destino y tu eSIM.","robots":{"index":"index","follow":"follow","max-snippet":"max-snippet:-1","max-image-preview":"max-image-preview:large","max-video-preview":"max-video-preview:-1"},"canonical":"https:\/\/myroamup.com\/en\/privacy-policy\/","og_locale":"en_US","og_type":"article","og_title":"Privacy Policy - MyRoamUp | Siempre conectado con tu eSIM","og_description":"Siempre Conectado gracias a nuestra eSIM internacional. Viaja sin problemas y sin l\u00edmites. Busca tu destino y tu eSIM.","og_url":"https:\/\/myroamup.com\/en\/privacy-policy\/","og_site_name":"MyRoamUp | Siempre conectado con tu eSIM","article_modified_time":"2026-04-09T08:32:07+00:00","og_image":[{"width":2500,"height":1200,"url":"https:\/\/myroamup.com\/wp-content\/uploads\/2026\/02\/fondo-ayuda.webp","type":"image\/webp"}],"twitter_card":"summary_large_image","twitter_misc":{"Est. reading time":"6 minutes"},"schema":{"@context":"https:\/\/schema.org","@graph":[{"@type":"WebPage","@id":"https:\/\/myroamup.com\/en\/privacy-policy\/","url":"https:\/\/myroamup.com\/en\/privacy-policy\/","name":"Privacy Policy - MyRoamUp | Siempre conectado con tu eSIM","isPartOf":{"@id":"https:\/\/myroamup.com\/en\/#website"},"datePublished":"2026-01-29T08:07:00+00:00","dateModified":"2026-04-09T08:32:07+00:00","description":"Siempre Conectado gracias a nuestra eSIM internacional. Viaja sin problemas y sin l\u00edmites. Busca tu destino y tu eSIM.","breadcrumb":{"@id":"https:\/\/myroamup.com\/en\/privacy-policy\/#breadcrumb"},"inLanguage":"en-US","potentialAction":[{"@type":"ReadAction","target":["https:\/\/myroamup.com\/en\/privacy-policy\/"]}]},{"@type":"BreadcrumbList","@id":"https:\/\/myroamup.com\/en\/privacy-policy\/#breadcrumb","itemListElement":[{"@type":"ListItem","position":1,"name":"Portada","item":"https:\/\/myroamup.com\/en\/home\/"},{"@type":"ListItem","position":2,"name":"Privacy Policy"}]},{"@type":"WebSite","@id":"https:\/\/myroamup.com\/en\/#website","url":"https:\/\/myroamup.com\/en\/","name":"myroamup - el compa\u00f1ero de viaje perfecto","description":"","publisher":{"@id":"https:\/\/myroamup.com\/en\/#organization"},"alternateName":"eSIM internacional | Siempre Conectado","potentialAction":[{"@type":"SearchAction","target":{"@type":"EntryPoint","urlTemplate":"https:\/\/myroamup.com\/en\/?s={search_term_string}"},"query-input":{"@type":"PropertyValueSpecification","valueRequired":true,"valueName":"search_term_string"}}],"inLanguage":"en-US"},{"@type":"Organization","@id":"https:\/\/myroamup.com\/en\/#organization","name":"myroamup","url":"https:\/\/myroamup.com\/en\/","logo":{"@type":"ImageObject","inLanguage":"en-US","@id":"https:\/\/myroamup.com\/en\/#\/schema\/logo\/image\/","url":"https:\/\/myroamup.com\/wp-content\/uploads\/2026\/01\/simbolo2.svg","contentUrl":"https:\/\/myroamup.com\/wp-content\/uploads\/2026\/01\/simbolo2.svg","width":1041,"height":810,"caption":"myroamup"},"image":{"@id":"https:\/\/myroamup.com\/en\/#\/schema\/logo\/image\/"}}]}},"_links":{"self":[{"href":"https:\/\/myroamup.com\/en\/wp-json\/wp\/v2\/pages\/1974","targetHints":{"allow":["GET"]}}],"collection":[{"href":"https:\/\/myroamup.com\/en\/wp-json\/wp\/v2\/pages"}],"about":[{"href":"https:\/\/myroamup.com\/en\/wp-json\/wp\/v2\/types\/page"}],"author":[{"embeddable":true,"href":"https:\/\/myroamup.com\/en\/wp-json\/wp\/v2\/users\/1"}],"replies":[{"embeddable":true,"href":"https:\/\/myroamup.com\/en\/wp-json\/wp\/v2\/comments?post=1974"}],"version-history":[{"count":2,"href":"https:\/\/myroamup.com\/en\/wp-json\/wp\/v2\/pages\/1974\/revisions"}],"predecessor-version":[{"id":9987,"href":"https:\/\/myroamup.com\/en\/wp-json\/wp\/v2\/pages\/1974\/revisions\/9987"}],"wp:attachment":[{"href":"https:\/\/myroamup.com\/en\/wp-json\/wp\/v2\/media?parent=1974"}],"curies":[{"name":"wp","href":"https:\/\/api.w.org\/{rel}","templated":true}]}}